{"id":458,"date":"2019-07-11T23:54:52","date_gmt":"2019-07-11T23:54:52","guid":{"rendered":"https:\/\/janelasdomar.com.br\/pousada\/?page_id=458"},"modified":"2020-08-04T13:54:32","modified_gmt":"2020-08-04T13:54:32","slug":"lazer","status":"publish","type":"page","link":"https:\/\/janelasdomar.com.br\/pousada\/lazer\/","title":{"rendered":"Lazer"},"content":{"rendered":"<p>[vc_row css_animation=&#8221;&#8221; row_type=&#8221;row&#8221; use_row_as_full_screen_section=&#8221;no&#8221; type=&#8221;full_width&#8221; angled_section=&#8221;no&#8221; text_align=&#8221;left&#8221; background_image_as_pattern=&#8221;without_pattern&#8221;][vc_column width=&#8221;1\/2&#8243;][vc_column_text]<\/p>\n<p class=\"p1\"><span class=\"s1\">Na recep\u00e7\u00e3o da pousada podemos utilizar nossos parceiros para desfrutar de <\/span><\/p>\n<p class=\"p1\"><span class=\"s1\"><strong>Passeios de buggy<\/strong> e <strong>quadriciclo<\/strong> pelo pontos tur\u00edsticos, praias, dunas, trilhas, lagoas, cachoeira e p\u00f4r do sol. Tamb\u00e9m pode optar por passeios de catamar\u00e3 no rio ou barco traineira no mar. <\/span><\/p>\n<p class=\"p1\"><span class=\"s1\">O <strong>Kitesurf<\/strong> \u00e9 o esporte que mais cresce devido a intensidade do vento na regi\u00e3o (fazendo parte da rota do campeonato mundial). Voc\u00ea pode alugar o equipamento ou realizar um curso preparat\u00f3rio em poucos dias com instrutores profissionais de elevada cota\u00e7\u00e3o.<\/span><\/p>\n<p class=\"p3\"><strong><span class=\"s2\">Windcar <\/span><\/strong><span class=\"s1\">ou<strong> Carrovelismo<\/strong> \u00e9 um novo esporte praticado com ve\u00edculo de pequeno porte sobre tr\u00eas rodas, impulsionado pelo vento com uma grande vela. A Pousada Janelas do Mar fez investimentos em treinamento, controle de dire\u00e7\u00e3o e seguran\u00e7a. Trouxemos esta nova modalidade para duas pessoas de acordo com limite de peso para deixar voc\u00ea com imensa sensa\u00e7\u00e3o de liberdade e adrenalina.<\/span><\/p>\n<p class=\"p1\"><strong><span class=\"s1\">Snorkel <\/span><\/strong><\/p>\n<p class=\"p1\"><span class=\"s1\">Durante longo per\u00edodo do ano, as aguas ficam azuis, cristalinas e tranquilas, permitindo a pratica de snorkel para observa\u00e7\u00e3o da fauna e flora aqu\u00e1tica ao redor dos arrecifes na continua\u00e7\u00e3o das piscinas naturais.<\/span><\/p>\n<p>[\/vc_column_text][\/vc_column][vc_column width=&#8221;1\/2&#8243;][vc_empty_space][vc_single_image image=&#8221;467&#8243; img_size=&#8221;full&#8221; alignment=&#8221;center&#8221; qode_css_animation=&#8221;&#8221;][\/vc_column][\/vc_row][vc_row css_animation=&#8221;&#8221; row_type=&#8221;row&#8221; use_row_as_full_screen_section=&#8221;no&#8221; type=&#8221;full_width&#8221; angled_section=&#8221;no&#8221; text_align=&#8221;left&#8221; background_image_as_pattern=&#8221;without_pattern&#8221;][vc_column][vc_empty_space][vc_gallery type=&#8221;image_grid&#8221; images=&#8221;467,562,478,565,567,483&#8243; img_size=&#8221;&#8221; column_number=&#8221;3&#8243; grayscale=&#8221;no&#8221; images_space=&#8221;gallery_without_space&#8221;][vc_empty_space][\/vc_column][\/vc_row][vc_row css_animation=&#8221;&#8221; row_type=&#8221;row&#8221; use_row_as_full_screen_section=&#8221;no&#8221; type=&#8221;full_width&#8221; angled_section=&#8221;no&#8221; text_align=&#8221;left&#8221; background_image_as_pattern=&#8221;without_pattern&#8221;][vc_column][vc_empty_space][\/vc_column][\/vc_row]<\/p>\n","protected":false},"excerpt":{"rendered":"<p>[vc_row css_animation=&#8221;&#8221; row_type=&#8221;row&#8221; use_row_as_full_screen_section=&#8221;no&#8221; type=&#8221;full_width&#8221; angled_section=&#8221;no&#8221; text_align=&#8221;left&#8221; background_image_as_pattern=&#8221;without_pattern&#8221;][vc_column width=&#8221;1\/2&#8243;][vc_column_text] Na recep\u00e7\u00e3o da pousada podemos utilizar nossos parceiros para desfrutar de Passeios de buggy e quadriciclo pelo pontos tur\u00edsticos, praias, dunas, trilhas, lagoas, cachoeira e p\u00f4r do sol. Tamb\u00e9m pode optar por passeios de catamar\u00e3 no&#8230;<\/p>\n","protected":false},"author":2,"featured_media":0,"parent":0,"menu_order":0,"comment_status":"closed","ping_status":"closed","template":"","meta":[],"_links":{"self":[{"href":"https:\/\/janelasdomar.com.br\/pousada\/wp-json\/wp\/v2\/pages\/458"}],"collection":[{"href":"https:\/\/janelasdomar.com.br\/pousada\/wp-json\/wp\/v2\/pages"}],"about":[{"href":"https:\/\/janelasdomar.com.br\/pousada\/wp-json\/wp\/v2\/types\/page"}],"author":[{"embeddable":true,"href":"https:\/\/janelasdomar.com.br\/pousada\/wp-json\/wp\/v2\/users\/2"}],"replies":[{"embeddable":true,"href":"https:\/\/janelasdomar.com.br\/pousada\/wp-json\/wp\/v2\/comments?post=458"}],"version-history":[{"count":21,"href":"https:\/\/janelasdomar.com.br\/pousada\/wp-json\/wp\/v2\/pages\/458\/revisions"}],"predecessor-version":[{"id":589,"href":"https:\/\/janelasdomar.com.br\/pousada\/wp-json\/wp\/v2\/pages\/458\/revisions\/589"}],"wp:attachment":[{"href":"https:\/\/janelasdomar.com.br\/pousada\/wp-json\/wp\/v2\/media?parent=458"}],"curies":[{"name":"wp","href":"https:\/\/api.w.org\/{rel}","templated":true}]}}